{"id":157,"date":"2020-08-25T03:29:56","date_gmt":"2020-08-25T03:29:56","guid":{"rendered":"https:\/\/k71.fi\/index.php\/services\/"},"modified":"2023-11-09T18:55:04","modified_gmt":"2023-11-09T18:55:04","slug":"harjoitukset-ja-kriisisimulaatiot","status":"publish","type":"page","link":"https:\/\/k71.fi\/en\/harjoitukset-ja-kriisisimulaatiot\/","title":{"rendered":"Exercises and crisis simulations"},"content":{"rendered":"<div data-elementor-type=\"wp-page\" data-elementor-id=\"157\" class=\"elementor elementor-157\">\n\t\t\t\t\t\t<section class=\"elementor-section elementor-top-section elementor-element elementor-element-3ec6a70 elementor-section-boxed elementor-section-height-default elementor-section-height-default\" data-id=\"3ec6a70\" data-element_type=\"section\" data-settings=\"{&quot;background_background&quot;:&quot;classic&quot;}\">\n\t\t\t\t\t\t<div class=\"elementor-container elementor-column-gap-no\">\n\t\t\t\t\t<div class=\"elementor-column elementor-col-100 elementor-top-column elementor-element elementor-element-de8d076\" data-id=\"de8d076\" data-element_type=\"column\">\n\t\t\t<div class=\"elementor-widget-wrap elementor-element-populated\">\n\t\t\t\t\t\t<div class=\"elementor-element elementor-element-980296f elementor-widget elementor-widget-heading\" data-id=\"980296f\" data-element_type=\"widget\" data-widget_type=\"heading.default\">\n\t\t\t\t<div class=\"elementor-widget-container\">\n\t\t\t\t\t<h5 class=\"elementor-heading-title elementor-size-default\">Exercises and crisis simulations<\/h5>\t\t\t\t<\/div>\n\t\t\t\t<\/div>\n\t\t\t\t<div class=\"elementor-element elementor-element-060a748 elementor-widget elementor-widget-heading\" data-id=\"060a748\" data-element_type=\"widget\" data-widget_type=\"heading.default\">\n\t\t\t\t<div class=\"elementor-widget-container\">\n\t\t\t\t\t<h1 class=\"elementor-heading-title elementor-size-default\">Map your company&#039;s capabilities<\/h1>\t\t\t\t<\/div>\n\t\t\t\t<\/div>\n\t\t\t\t<div class=\"elementor-element elementor-element-9e1e7e0 elementor-widget elementor-widget-text-editor\" data-id=\"9e1e7e0\" data-element_type=\"widget\" data-widget_type=\"text-editor.default\">\n\t\t\t\t<div class=\"elementor-widget-container\">\n\t\t\t\t\t\t\t\t\t<p>The exercise serves as an excellent measure of safety level and operational capability.<\/p>\t\t\t\t\t\t\t\t<\/div>\n\t\t\t\t<\/div>\n\t\t\t\t\t<\/div>\n\t\t<\/div>\n\t\t\t\t\t<\/div>\n\t\t<\/section>\n\t\t\t\t<section class=\"elementor-section elementor-top-section elementor-element elementor-element-7e5449b elementor-section-boxed elementor-section-height-default elementor-section-height-default\" data-id=\"7e5449b\" data-element_type=\"section\">\n\t\t\t\t\t\t<div class=\"elementor-container elementor-column-gap-no\">\n\t\t\t\t\t<div class=\"elementor-column elementor-col-33 elementor-top-column elementor-element elementor-element-4580080\" data-id=\"4580080\" data-element_type=\"column\" data-settings=\"{&quot;background_background&quot;:&quot;classic&quot;}\">\n\t\t\t<div class=\"elementor-widget-wrap elementor-element-populated\">\n\t\t\t\t\t\t<div class=\"elementor-element elementor-element-0c36486 elementor-widget elementor-widget-image\" data-id=\"0c36486\" data-element_type=\"widget\" data-widget_type=\"image.default\">\n\t\t\t\t<div class=\"elementor-widget-container\">\n\t\t\t\t\t\t\t\t\t\t\t\t\t\t\t<img fetchpriority=\"high\" decoding=\"async\" width=\"1706\" height=\"744\" src=\"https:\/\/k71.fi\/wp-content\/uploads\/2023\/11\/tietoturvaharjoitus-2-scaled-e1696229940264.jpg\" class=\"attachment-full size-full wp-image-334\" alt=\"\" srcset=\"https:\/\/k71.fi\/wp-content\/uploads\/2023\/11\/tietoturvaharjoitus-2-scaled-e1696229940264.jpg 1706w, https:\/\/k71.fi\/wp-content\/uploads\/2023\/11\/tietoturvaharjoitus-2-scaled-e1696229940264-300x131.jpg 300w, https:\/\/k71.fi\/wp-content\/uploads\/2023\/11\/tietoturvaharjoitus-2-scaled-e1696229940264-1024x447.jpg 1024w, https:\/\/k71.fi\/wp-content\/uploads\/2023\/11\/tietoturvaharjoitus-2-scaled-e1696229940264-768x335.jpg 768w, https:\/\/k71.fi\/wp-content\/uploads\/2023\/11\/tietoturvaharjoitus-2-scaled-e1696229940264-1536x670.jpg 1536w\" sizes=\"(max-width: 1706px) 100vw, 1706px\" \/>\t\t\t\t\t\t\t\t\t\t\t\t\t\t\t<\/div>\n\t\t\t\t<\/div>\n\t\t\t\t<div class=\"elementor-element elementor-element-6d86c04 elementor-widget elementor-widget-heading\" data-id=\"6d86c04\" data-element_type=\"widget\" data-widget_type=\"heading.default\">\n\t\t\t\t<div class=\"elementor-widget-container\">\n\t\t\t\t\t<h3 class=\"elementor-heading-title elementor-size-default\">Business continuity exercise<\/h3>\t\t\t\t<\/div>\n\t\t\t\t<\/div>\n\t\t\t\t<div class=\"elementor-element elementor-element-efd1e91 elementor-widget elementor-widget-text-editor\" data-id=\"efd1e91\" data-element_type=\"widget\" data-widget_type=\"text-editor.default\">\n\t\t\t\t<div class=\"elementor-widget-container\">\n\t\t\t\t\t\t\t\t\t<p>Preparing for exceptional situations is a key part of company security and company risk management.<\/p>\t\t\t\t\t\t\t\t<\/div>\n\t\t\t\t<\/div>\n\t\t\t\t\t<\/div>\n\t\t<\/div>\n\t\t\t\t<div class=\"elementor-column elementor-col-33 elementor-top-column elementor-element elementor-element-2bd5b15\" data-id=\"2bd5b15\" data-element_type=\"column\" data-settings=\"{&quot;background_background&quot;:&quot;classic&quot;}\">\n\t\t\t<div class=\"elementor-widget-wrap elementor-element-populated\">\n\t\t\t\t\t\t<div class=\"elementor-element elementor-element-6096154 elementor-widget elementor-widget-image\" data-id=\"6096154\" data-element_type=\"widget\" data-widget_type=\"image.default\">\n\t\t\t\t<div class=\"elementor-widget-container\">\n\t\t\t\t\t\t\t\t\t\t\t\t\t\t\t<img decoding=\"async\" width=\"2400\" height=\"1052\" src=\"https:\/\/k71.fi\/wp-content\/uploads\/2023\/11\/konsultointi-e1696229991553.jpg\" class=\"attachment-full size-full wp-image-335\" alt=\"\" srcset=\"https:\/\/k71.fi\/wp-content\/uploads\/2023\/11\/konsultointi-e1696229991553.jpg 2400w, https:\/\/k71.fi\/wp-content\/uploads\/2023\/11\/konsultointi-e1696229991553-300x132.jpg 300w, https:\/\/k71.fi\/wp-content\/uploads\/2023\/11\/konsultointi-e1696229991553-1024x449.jpg 1024w, https:\/\/k71.fi\/wp-content\/uploads\/2023\/11\/konsultointi-e1696229991553-768x337.jpg 768w, https:\/\/k71.fi\/wp-content\/uploads\/2023\/11\/konsultointi-e1696229991553-1536x673.jpg 1536w, https:\/\/k71.fi\/wp-content\/uploads\/2023\/11\/konsultointi-e1696229991553-2048x898.jpg 2048w\" sizes=\"(max-width: 2400px) 100vw, 2400px\" \/>\t\t\t\t\t\t\t\t\t\t\t\t\t\t\t<\/div>\n\t\t\t\t<\/div>\n\t\t\t\t<div class=\"elementor-element elementor-element-ba521de elementor-widget elementor-widget-heading\" data-id=\"ba521de\" data-element_type=\"widget\" data-widget_type=\"heading.default\">\n\t\t\t\t<div class=\"elementor-widget-container\">\n\t\t\t\t\t<h3 class=\"elementor-heading-title elementor-size-default\">Cyber security<br>training<\/h3>\t\t\t\t<\/div>\n\t\t\t\t<\/div>\n\t\t\t\t<div class=\"elementor-element elementor-element-a4e2ecf elementor-widget elementor-widget-text-editor\" data-id=\"a4e2ecf\" data-element_type=\"widget\" data-widget_type=\"text-editor.default\">\n\t\t\t\t<div class=\"elementor-widget-container\">\n\t\t\t\t\t\t\t\t\t<p>With the help of the exercise, it is possible to easily assess the risks that have already been observed and their resilience, as well as to identify possible new risks.<\/p>\t\t\t\t\t\t\t\t<\/div>\n\t\t\t\t<\/div>\n\t\t\t\t\t<\/div>\n\t\t<\/div>\n\t\t\t\t<div class=\"elementor-column elementor-col-33 elementor-top-column elementor-element elementor-element-aed1ed6\" data-id=\"aed1ed6\" data-element_type=\"column\" data-settings=\"{&quot;background_background&quot;:&quot;classic&quot;}\">\n\t\t\t<div class=\"elementor-widget-wrap elementor-element-populated\">\n\t\t\t\t\t\t<div class=\"elementor-element elementor-element-564348b elementor-widget elementor-widget-image\" data-id=\"564348b\" data-element_type=\"widget\" data-widget_type=\"image.default\">\n\t\t\t\t<div class=\"elementor-widget-container\">\n\t\t\t\t\t\t\t\t\t\t\t\t\t\t\t<img decoding=\"async\" width=\"2400\" height=\"1051\" src=\"https:\/\/k71.fi\/wp-content\/uploads\/2023\/11\/kriisisimulaatiot-1.jpg\" class=\"attachment-full size-full wp-image-342\" alt=\"\" srcset=\"https:\/\/k71.fi\/wp-content\/uploads\/2023\/11\/kriisisimulaatiot-1.jpg 2400w, https:\/\/k71.fi\/wp-content\/uploads\/2023\/11\/kriisisimulaatiot-1-300x131.jpg 300w, https:\/\/k71.fi\/wp-content\/uploads\/2023\/11\/kriisisimulaatiot-1-1024x448.jpg 1024w, https:\/\/k71.fi\/wp-content\/uploads\/2023\/11\/kriisisimulaatiot-1-768x336.jpg 768w, https:\/\/k71.fi\/wp-content\/uploads\/2023\/11\/kriisisimulaatiot-1-1536x673.jpg 1536w, https:\/\/k71.fi\/wp-content\/uploads\/2023\/11\/kriisisimulaatiot-1-2048x897.jpg 2048w\" sizes=\"(max-width: 2400px) 100vw, 2400px\" \/>\t\t\t\t\t\t\t\t\t\t\t\t\t\t\t<\/div>\n\t\t\t\t<\/div>\n\t\t\t\t<div class=\"elementor-element elementor-element-a67f4eb elementor-widget elementor-widget-heading\" data-id=\"a67f4eb\" data-element_type=\"widget\" data-widget_type=\"heading.default\">\n\t\t\t\t<div class=\"elementor-widget-container\">\n\t\t\t\t\t<h3 class=\"elementor-heading-title elementor-size-default\">Crisis simulation<br>training<\/h3>\t\t\t\t<\/div>\n\t\t\t\t<\/div>\n\t\t\t\t<div class=\"elementor-element elementor-element-c66dc06 elementor-widget elementor-widget-text-editor\" data-id=\"c66dc06\" data-element_type=\"widget\" data-widget_type=\"text-editor.default\">\n\t\t\t\t<div class=\"elementor-widget-container\">\n\t\t\t\t\t\t\t\t\t<p>With regular training, we ensure the coverage of the staff&#039;s competence and instructions in case of a real crisis situation.<\/p>\t\t\t\t\t\t\t\t<\/div>\n\t\t\t\t<\/div>\n\t\t\t\t\t<\/div>\n\t\t<\/div>\n\t\t\t\t\t<\/div>\n\t\t<\/section>\n\t\t\t\t<section class=\"elementor-section elementor-top-section elementor-element elementor-element-78aa12f elementor-section-boxed elementor-section-height-default elementor-section-height-default\" data-id=\"78aa12f\" data-element_type=\"section\">\n\t\t\t\t\t\t\t<div class=\"elementor-background-overlay\"><\/div>\n\t\t\t\t\t\t\t<div class=\"elementor-container elementor-column-gap-default\">\n\t\t\t\t\t<div class=\"elementor-column elementor-col-50 elementor-top-column elementor-element elementor-element-b55b3f6\" data-id=\"b55b3f6\" data-element_type=\"column\">\n\t\t\t<div class=\"elementor-widget-wrap elementor-element-populated\">\n\t\t\t\t\t\t<div class=\"elementor-element elementor-element-0ef708a elementor-widget elementor-widget-image\" data-id=\"0ef708a\" data-element_type=\"widget\" data-widget_type=\"image.default\">\n\t\t\t\t<div class=\"elementor-widget-container\">\n\t\t\t\t\t\t\t\t\t\t\t\t\t\t\t<img loading=\"lazy\" decoding=\"async\" width=\"1070\" height=\"1437\" src=\"https:\/\/k71.fi\/wp-content\/uploads\/2023\/11\/getty-images-1OlekJDg2_k-unsplash-scaled-e1696233177370.jpg\" class=\"attachment-full size-full wp-image-343\" alt=\"\" srcset=\"https:\/\/k71.fi\/wp-content\/uploads\/2023\/11\/getty-images-1OlekJDg2_k-unsplash-scaled-e1696233177370.jpg 1070w, https:\/\/k71.fi\/wp-content\/uploads\/2023\/11\/getty-images-1OlekJDg2_k-unsplash-scaled-e1696233177370-223x300.jpg 223w, https:\/\/k71.fi\/wp-content\/uploads\/2023\/11\/getty-images-1OlekJDg2_k-unsplash-scaled-e1696233177370-762x1024.jpg 762w, https:\/\/k71.fi\/wp-content\/uploads\/2023\/11\/getty-images-1OlekJDg2_k-unsplash-scaled-e1696233177370-768x1031.jpg 768w\" sizes=\"(max-width: 1070px) 100vw, 1070px\" \/>\t\t\t\t\t\t\t\t\t\t\t\t\t\t\t<\/div>\n\t\t\t\t<\/div>\n\t\t\t\t\t<\/div>\n\t\t<\/div>\n\t\t\t\t<div class=\"elementor-column elementor-col-50 elementor-top-column elementor-element elementor-element-a7004a5\" data-id=\"a7004a5\" data-element_type=\"column\">\n\t\t\t<div class=\"elementor-widget-wrap elementor-element-populated\">\n\t\t\t\t\t\t<div class=\"elementor-element elementor-element-d51ffe1 elementor-widget elementor-widget-heading\" data-id=\"d51ffe1\" data-element_type=\"widget\" data-widget_type=\"heading.default\">\n\t\t\t\t<div class=\"elementor-widget-container\">\n\t\t\t\t\t<h2 class=\"elementor-heading-title elementor-size-default\">Implementation of the exercise<\/h2>\t\t\t\t<\/div>\n\t\t\t\t<\/div>\n\t\t\t\t<div class=\"elementor-element elementor-element-53c6295 elementor-widget elementor-widget-heading\" data-id=\"53c6295\" data-element_type=\"widget\" data-widget_type=\"heading.default\">\n\t\t\t\t<div class=\"elementor-widget-container\">\n\t\t\t\t\t<h4 class=\"elementor-heading-title elementor-size-default\">01. Planning the exercise<\/h4>\t\t\t\t<\/div>\n\t\t\t\t<\/div>\n\t\t\t\t<div class=\"elementor-element elementor-element-35b5bd4 elementor-widget elementor-widget-text-editor\" data-id=\"35b5bd4\" data-element_type=\"widget\" data-widget_type=\"text-editor.default\">\n\t\t\t\t<div class=\"elementor-widget-container\">\n\t\t\t\t\t\t\t\t\t<p>Together, we plan an exercise that suits your business and your level of maturity, and that offers suitable challenges for the trainees.<br \/><br \/>Realizing a realistic exercise is an important part of the exercise. Then the participants get to throw themselves into the training scenario rather than the real situation. This makes it possible to find possible pain points and deficiencies in the operation.<\/p>\t\t\t\t\t\t\t\t<\/div>\n\t\t\t\t<\/div>\n\t\t\t\t<div class=\"elementor-element elementor-element-82876ed elementor-widget elementor-widget-heading\" data-id=\"82876ed\" data-element_type=\"widget\" data-widget_type=\"heading.default\">\n\t\t\t\t<div class=\"elementor-widget-container\">\n\t\t\t\t\t<h4 class=\"elementor-heading-title elementor-size-default\">02. Matters to be monitored<\/h4>\t\t\t\t<\/div>\n\t\t\t\t<\/div>\n\t\t\t\t<div class=\"elementor-element elementor-element-e43fe6f elementor-widget elementor-widget-text-editor\" data-id=\"e43fe6f\" data-element_type=\"widget\" data-widget_type=\"text-editor.default\">\n\t\t\t\t<div class=\"elementor-widget-container\">\n\t\t\t\t\t\t\t\t\t<p>In order to find important observations, observers participate in the exercise. The task of observers is to make observations, e.g. from the areas of organization, management and communication. The creation and utilization of the situational picture are also the most important targets for the observer to measure.<\/p>\t\t\t\t\t\t\t\t<\/div>\n\t\t\t\t<\/div>\n\t\t\t\t<div class=\"elementor-element elementor-element-6bbf316 elementor-widget elementor-widget-heading\" data-id=\"6bbf316\" data-element_type=\"widget\" data-widget_type=\"heading.default\">\n\t\t\t\t<div class=\"elementor-widget-container\">\n\t\t\t\t\t<h4 class=\"elementor-heading-title elementor-size-default\">03. Final report<\/h4>\t\t\t\t<\/div>\n\t\t\t\t<\/div>\n\t\t\t\t<div class=\"elementor-element elementor-element-f8da11a elementor-widget elementor-widget-text-editor\" data-id=\"f8da11a\" data-element_type=\"widget\" data-widget_type=\"text-editor.default\">\n\t\t\t\t<div class=\"elementor-widget-container\">\n\t\t\t\t\t\t\t\t\t<p>We collect the key findings and lessons learned from the exercise and make a final report out of it, including development suggestions.<\/p>\t\t\t\t\t\t\t\t<\/div>\n\t\t\t\t<\/div>\n\t\t\t\t\t<\/div>\n\t\t<\/div>\n\t\t\t\t\t<\/div>\n\t\t<\/section>\n\t\t\t\t<section class=\"elementor-section elementor-top-section elementor-element elementor-element-5c7d1df elementor-section-content-middle elementor-section-boxed elementor-section-height-default elementor-section-height-default\" data-id=\"5c7d1df\" data-element_type=\"section\" data-settings=\"{&quot;background_background&quot;:&quot;classic&quot;}\">\n\t\t\t\t\t\t<div class=\"elementor-container elementor-column-gap-no\">\n\t\t\t\t\t<div class=\"elementor-column elementor-col-100 elementor-top-column elementor-element elementor-element-bd71019\" data-id=\"bd71019\" data-element_type=\"column\">\n\t\t\t<div class=\"elementor-widget-wrap elementor-element-populated\">\n\t\t\t\t\t\t<section class=\"elementor-section elementor-inner-section elementor-element elementor-element-6fb13f1 elementor-section-content-middle elementor-section-boxed elementor-section-height-default elementor-section-height-default\" data-id=\"6fb13f1\" data-element_type=\"section\" data-settings=\"{&quot;background_background&quot;:&quot;classic&quot;}\">\n\t\t\t\t\t\t<div class=\"elementor-container elementor-column-gap-no\">\n\t\t\t\t\t<div class=\"elementor-column elementor-col-33 elementor-inner-column elementor-element elementor-element-d512000\" data-id=\"d512000\" data-element_type=\"column\">\n\t\t\t<div class=\"elementor-widget-wrap elementor-element-populated\">\n\t\t\t\t\t\t<div class=\"elementor-element elementor-element-5423bbd elementor-widget elementor-widget-image\" data-id=\"5423bbd\" data-element_type=\"widget\" data-widget_type=\"image.default\">\n\t\t\t\t<div class=\"elementor-widget-container\">\n\t\t\t\t\t\t\t\t\t\t\t\t\t\t\t<img loading=\"lazy\" decoding=\"async\" width=\"267\" height=\"450\" src=\"https:\/\/k71.fi\/wp-content\/uploads\/2023\/11\/Kimmo-Juntunen.jpg\" class=\"attachment-large size-large wp-image-336\" alt=\"\" srcset=\"https:\/\/k71.fi\/wp-content\/uploads\/2023\/11\/Kimmo-Juntunen.jpg 267w, https:\/\/k71.fi\/wp-content\/uploads\/2023\/11\/Kimmo-Juntunen-178x300.jpg 178w\" sizes=\"(max-width: 267px) 100vw, 267px\" \/>\t\t\t\t\t\t\t\t\t\t\t\t\t\t\t<\/div>\n\t\t\t\t<\/div>\n\t\t\t\t\t<\/div>\n\t\t<\/div>\n\t\t\t\t<div class=\"elementor-column elementor-col-66 elementor-inner-column elementor-element elementor-element-53cfd5a\" data-id=\"53cfd5a\" data-element_type=\"column\" id=\"yhteystiedot\">\n\t\t\t<div class=\"elementor-widget-wrap elementor-element-populated\">\n\t\t\t\t\t\t<div class=\"elementor-element elementor-element-1077dde elementor-widget elementor-widget-heading\" data-id=\"1077dde\" data-element_type=\"widget\" data-widget_type=\"heading.default\">\n\t\t\t\t<div class=\"elementor-widget-container\">\n\t\t\t\t\t<h2 class=\"elementor-heading-title elementor-size-default\">Kimmo Juntunen<\/h2>\t\t\t\t<\/div>\n\t\t\t\t<\/div>\n\t\t\t\t<div class=\"elementor-element elementor-element-d5fe542 elementor-widget elementor-widget-text-editor\" data-id=\"d5fe542\" data-element_type=\"widget\" data-widget_type=\"text-editor.default\">\n\t\t\t\t<div class=\"elementor-widget-container\">\n\t\t\t\t\t\t\t\t\t<p>Kimmo is an information security professional with long experience. His strength is efficient and output-based operation and a concrete approach that listens to the customer.<\/p>\t\t\t\t\t\t\t\t<\/div>\n\t\t\t\t<\/div>\n\t\t\t\t<div class=\"elementor-element elementor-element-cd8f9e1 elementor-widget elementor-widget-text-editor\" data-id=\"cd8f9e1\" data-element_type=\"widget\" data-widget_type=\"text-editor.default\">\n\t\t\t\t<div class=\"elementor-widget-container\">\n\t\t\t\t\t\t\t\t\t<p>+358 44 982 4971<br \/>kimmo.juntunen(a)k71.fi<\/p>\t\t\t\t\t\t\t\t<\/div>\n\t\t\t\t<\/div>\n\t\t\t\t\t<\/div>\n\t\t<\/div>\n\t\t\t\t\t<\/div>\n\t\t<\/section>\n\t\t\t\t\t<\/div>\n\t\t<\/div>\n\t\t\t\t\t<\/div>\n\t\t<\/section>\n\t\t\t\t<\/div>","protected":false},"excerpt":{"rendered":"<p>Harjoitukset ja kriisisimulaatiot Kartoita yrityksesi valmiudet Harjoitus toimii erinomaisena turvallisuustason ja toiminnan kyvykkyyden mittarina. Liiketoiminnan jatkuvuusharjoitus Poikkeustilanteisiin varautuminen on keskeinen osa yritysturvallisuutta ja yrityksen riskien hallintaa. Kyberturvallisuus-harjoitus Harjoituksen avulla saadaan helposti arvioitua jo havaittuja riskej\u00e4 ja niiden sietokyky\u00e4 sek\u00e4 tunnistettua mahdollisia uusia riskej\u00e4. Kriisisimulaatio-harjoitus S\u00e4\u00e4nn\u00f6llisell\u00e4 harjoittelulla varmistamme henkil\u00f6kunnan osaamisen ja ohjeistuksen kattavuuden todellisen kriisitilanteen varalle. [&hellip;]<\/p>","protected":false},"author":1,"featured_media":0,"parent":0,"menu_order":0,"comment_status":"closed","ping_status":"closed","template":"","meta":{"site-sidebar-layout":"no-sidebar","site-content-layout":"page-builder","ast-site-content-layout":"","site-content-style":"default","site-sidebar-style":"default","ast-global-header-display":"","ast-banner-title-visibility":"","ast-main-header-display":"","ast-hfb-above-header-display":"","ast-hfb-below-header-display":"","ast-hfb-mobile-header-display":"","site-post-title":"disabled","ast-breadcrumbs-content":"","ast-featured-img":"disabled","footer-sml-layout":"","theme-transparent-header-meta":"enabled","adv-header-id-meta":"","stick-header-meta":"","header-above-stick-meta":"","header-main-stick-meta":"","header-below-stick-meta":"","astra-migrate-meta-layouts":"default","ast-page-background-enabled":"default","ast-page-background-meta":{"desktop":{"background-color":"","background-image":"","background-repeat":"repeat","background-position":"center center","background-size":"auto","background-attachment":"scroll","background-type":"","background-media":"","overlay-type":"","overlay-color":"","overlay-opacity":"","overlay-gradient":""},"tablet":{"background-color":"","background-image":"","background-repeat":"repeat","background-position":"center center","background-size":"auto","background-attachment":"scroll","background-type":"","background-media":"","overlay-type":"","overlay-color":"","overlay-opacity":"","overlay-gradient":""},"mobile":{"background-color":"","background-image":"","background-repeat":"repeat","background-position":"center center","background-size":"auto","background-attachment":"scroll","background-type":"","background-media":"","overlay-type":"","overlay-color":"","overlay-opacity":"","overlay-gradient":""}},"ast-content-background-meta":{"desktop":{"background-color":"var(--ast-global-color-5)","background-image":"","background-repeat":"repeat","background-position":"center center","background-size":"auto","background-attachment":"scroll","background-type":"","background-media":"","overlay-type":"","overlay-color":"","overlay-opacity":"","overlay-gradient":""},"tablet":{"background-color":"var(--ast-global-color-5)","background-image":"","background-repeat":"repeat","background-position":"center center","background-size":"auto","background-attachment":"scroll","background-type":"","background-media":"","overlay-type":"","overlay-color":"","overlay-opacity":"","overlay-gradient":""},"mobile":{"background-color":"var(--ast-global-color-5)","background-image":"","background-repeat":"repeat","background-position":"center center","background-size":"auto","background-attachment":"scroll","background-type":"","background-media":"","overlay-type":"","overlay-color":"","overlay-opacity":"","overlay-gradient":""}},"footnotes":""},"class_list":["post-157","page","type-page","status-publish","hentry"],"_links":{"self":[{"href":"https:\/\/k71.fi\/en\/wp-json\/wp\/v2\/pages\/157","targetHints":{"allow":["GET"]}}],"collection":[{"href":"https:\/\/k71.fi\/en\/wp-json\/wp\/v2\/pages"}],"about":[{"href":"https:\/\/k71.fi\/en\/wp-json\/wp\/v2\/types\/page"}],"author":[{"embeddable":true,"href":"https:\/\/k71.fi\/en\/wp-json\/wp\/v2\/users\/1"}],"replies":[{"embeddable":true,"href":"https:\/\/k71.fi\/en\/wp-json\/wp\/v2\/comments?post=157"}],"version-history":[{"count":14,"href":"https:\/\/k71.fi\/en\/wp-json\/wp\/v2\/pages\/157\/revisions"}],"predecessor-version":[{"id":404,"href":"https:\/\/k71.fi\/en\/wp-json\/wp\/v2\/pages\/157\/revisions\/404"}],"wp:attachment":[{"href":"https:\/\/k71.fi\/en\/wp-json\/wp\/v2\/media?parent=157"}],"curies":[{"name":"wp","href":"https:\/\/api.w.org\/{rel}","templated":true}]}}