{"id":3,"date":"2020-03-09T09:14:37","date_gmt":"2020-03-09T09:14:37","guid":{"rendered":"https:\/\/k71.fi\/?page_id=3"},"modified":"2023-11-09T18:15:47","modified_gmt":"2023-11-09T18:15:47","slug":"tietosuojaseloste","status":"publish","type":"page","link":"https:\/\/k71.fi\/en\/tietosuojaseloste\/","title":{"rendered":"Privacy statement"},"content":{"rendered":"<h3 class=\"wp-block-heading\">Registrar<\/h3>\n\n\n\n<p>K71 Oy<br>Contact person: Kimmo Juntunen<br>Address: Riistavuorenkuja 10 A 8, 00320 Helsinki<br>Phone: +358 44 982 4971<br>Email: kimmo.juntunen(a)k71.fi<\/p>\n\n\n\n<h3 class=\"wp-block-heading\">Registry name<\/h3>\n\n\n\n<p>K71 Oy&#039;s customer register<\/p>\n\n\n\n<h3 class=\"wp-block-heading\">Purpose of use of personal data<\/h3>\n\n\n\n<p>Personal data is processed to manage the customer relationship, to contact you, to target marketing and for other similar purposes.<\/p>\n\n\n\n<h3 class=\"wp-block-heading\">Data content of the register<\/h3>\n\n\n\n<p>The register may contain the following information:<\/p>\n\n\n\n<p>Name<br>Address<br>Telephone number<br>Email address<br>Details of the order or service<br>Other information related to the customer relationship<\/p>\n\n\n\n<h3 class=\"wp-block-heading\">Regular sources of information<\/h3>\n\n\n\n<p>Information is primarily obtained from the registrant himself via our website, by email, telephone or other similar methods.<\/p>\n\n\n\n<h3 class=\"wp-block-heading\">Regular transfers and transfer of data outside the EU or EEA<\/h3>\n\n\n\n<p>As a rule, personal data is not disclosed to third parties. Data can be transferred by the controller outside the EU or EEA only if it is necessary for the implementation of the service and in compliance with the requirements of data protection legislation.<\/p>\n\n\n\n<h3 class=\"wp-block-heading\">Principles of registry protection<\/h3>\n\n\n\n<p>The information is stored on secure servers, and access to it is limited only to persons who need to process the information in question due to their work duties. The data is protected against external access, unauthorized use and misuse.<\/p>\n\n\n\n<h3 class=\"wp-block-heading\">The right of inspection and the right to demand correction of information<\/h3>\n\n\n\n<p>Every registered person has the right to check the information about himself and to demand the correction of incorrect information. Such requests must be sent in writing and signed to the controller&#039;s contact person.<\/p>\n\n\n\n<h3 class=\"wp-block-heading\">Other possible rights<\/h3>\n\n\n\n<p>The registered person has the right to request the deletion of his data from the register (&quot;right to be forgotten&quot;). The registered person also has other rights according to the EU General Data Protection Regulation, such as the right to restrict the processing of personal data in certain situations.<\/p>","protected":false},"excerpt":{"rendered":"<p>Rekisterinpit\u00e4j\u00e4 K71 OyYhteyshenkil\u00f6: Kimmo JuntunenOsoite: Riistavuorenkuja 10 A 8, 00320 HelsinkiPuhelin: +358 44 982 4971S\u00e4hk\u00f6posti: kimmo.juntunen(a)k71.fi Rekisterin nimi K71 Oy:n asiakasrekisteri Henkil\u00f6tiedon k\u00e4ytt\u00f6tarkoitus Henkil\u00f6tietoja k\u00e4sitell\u00e4\u00e4n asiakassuhteen hoitamiseksi, yhteydenotoiksi, markkinoinnin kohdentamiseksi ja muihin vastaaviin k\u00e4ytt\u00f6tarkoituksiin. Rekisterin tietosis\u00e4lt\u00f6 Rekisteri voi sis\u00e4lt\u00e4\u00e4 seuraavia tietoja: NimiOsoitePuhelinnumeroS\u00e4hk\u00f6postiosoiteTilauksen tai palvelun yksityiskohdatMuita asiakassuhteeseen liittyvi\u00e4 tietoja S\u00e4\u00e4nn\u00f6nmukaiset tietol\u00e4hteet Tiedot saadaan ensisijaisesti rekister\u00f6idylt\u00e4 itselt\u00e4\u00e4n [&hellip;]<\/p>","protected":false},"author":1,"featured_media":0,"parent":0,"menu_order":0,"comment_status":"closed","ping_status":"closed","template":"","meta":{"site-sidebar-layout":"default","site-content-layout":"","ast-site-content-layout":"default","site-content-style":"default","site-sidebar-style":"default","ast-global-header-display":"","ast-banner-title-visibility":"","ast-main-header-display":"","ast-hfb-above-header-display":"","ast-hfb-below-header-display":"","ast-hfb-mobile-header-display":"","site-post-title":"","ast-breadcrumbs-content":"","ast-featured-img":"","footer-sml-layout":"","theme-transparent-header-meta":"","adv-header-id-meta":"","stick-header-meta":"","header-above-stick-meta":"","header-main-stick-meta":"","header-below-stick-meta":"","astra-migrate-meta-layouts":"set","ast-page-background-enabled":"default","ast-page-background-meta":{"desktop":{"background-color":"","background-image":"","background-repeat":"repeat","background-position":"center center","background-size":"auto","background-attachment":"scroll","background-type":"","background-media":"","overlay-type":"","overlay-color":"","overlay-opacity":"","overlay-gradient":""},"tablet":{"background-color":"","background-image":"","background-repeat":"repeat","background-position":"center center","background-size":"auto","background-attachment":"scroll","background-type":"","background-media":"","overlay-type":"","overlay-color":"","overlay-opacity":"","overlay-gradient":""},"mobile":{"background-color":"","background-image":"","background-repeat":"repeat","background-position":"center center","background-size":"auto","background-attachment":"scroll","background-type":"","background-media":"","overlay-type":"","overlay-color":"","overlay-opacity":"","overlay-gradient":""}},"ast-content-background-meta":{"desktop":{"background-color":"var(--ast-global-color-5)","background-image":"","background-repeat":"repeat","background-position":"center center","background-size":"auto","background-attachment":"scroll","background-type":"","background-media":"","overlay-type":"","overlay-color":"","overlay-opacity":"","overlay-gradient":""},"tablet":{"background-color":"var(--ast-global-color-5)","background-image":"","background-repeat":"repeat","background-position":"center center","background-size":"auto","background-attachment":"scroll","background-type":"","background-media":"","overlay-type":"","overlay-color":"","overlay-opacity":"","overlay-gradient":""},"mobile":{"background-color":"var(--ast-global-color-5)","background-image":"","background-repeat":"repeat","background-position":"center center","background-size":"auto","background-attachment":"scroll","background-type":"","background-media":"","overlay-type":"","overlay-color":"","overlay-opacity":"","overlay-gradient":""}},"footnotes":""},"class_list":["post-3","page","type-page","status-publish","hentry"],"_links":{"self":[{"href":"https:\/\/k71.fi\/en\/wp-json\/wp\/v2\/pages\/3","targetHints":{"allow":["GET"]}}],"collection":[{"href":"https:\/\/k71.fi\/en\/wp-json\/wp\/v2\/pages"}],"about":[{"href":"https:\/\/k71.fi\/en\/wp-json\/wp\/v2\/types\/page"}],"author":[{"embeddable":true,"href":"https:\/\/k71.fi\/en\/wp-json\/wp\/v2\/users\/1"}],"replies":[{"embeddable":true,"href":"https:\/\/k71.fi\/en\/wp-json\/wp\/v2\/comments?post=3"}],"version-history":[{"count":2,"href":"https:\/\/k71.fi\/en\/wp-json\/wp\/v2\/pages\/3\/revisions"}],"predecessor-version":[{"id":358,"href":"https:\/\/k71.fi\/en\/wp-json\/wp\/v2\/pages\/3\/revisions\/358"}],"wp:attachment":[{"href":"https:\/\/k71.fi\/en\/wp-json\/wp\/v2\/media?parent=3"}],"curies":[{"name":"wp","href":"https:\/\/api.w.org\/{rel}","templated":true}]}}